{"id":613,"date":"2023-10-14T00:01:01","date_gmt":"2023-10-14T00:01:01","guid":{"rendered":"https:\/\/germanamericanlegal.com\/citizenship-retention-2\/"},"modified":"2023-11-16T22:29:48","modified_gmt":"2023-11-16T22:29:48","slug":"beibehaltungsgenehmigung-2","status":"publish","type":"page","link":"https:\/\/www.germanamericanlegal.com\/es\/beibehaltungsgenehmigung-2\/","title":{"rendered":"conservaci\u00f3n de la ciudadan\u00eda"},"content":{"rendered":"<div data-elementor-type=\"wp-page\" data-elementor-id=\"613\" class=\"elementor elementor-613\" data-elementor-post-type=\"page\">\n\t\t\t\t<div class=\"elementor-element elementor-element-76027604 e-flex e-con-boxed e-con e-parent\" data-id=\"76027604\" data-element_type=\"container\">\n\t\t\t\t\t<div class=\"e-con-inner\">\n\t\t<div class=\"elementor-element elementor-element-785b7531 e-con-full e-flex e-con e-child\" data-id=\"785b7531\" data-element_type=\"container\">\n\t\t\t\t<div class=\"elementor-element elementor-element-162c3f78 elementor-cta--skin-classic elementor-animated-content elementor-bg-transform elementor-bg-transform-zoom-in elementor-widget elementor-widget-call-to-action\" data-id=\"162c3f78\" data-element_type=\"widget\" data-widget_type=\"call-to-action.default\">\n\t\t\t\t<div class=\"elementor-widget-container\">\n\t\t\t\t\t\t\t<div class=\"elementor-cta\">\n\t\t\t\t\t<div class=\"elementor-cta__bg-wrapper\">\n\t\t\t\t<div class=\"elementor-cta__bg elementor-bg\" style=\"background-image: url(https:\/\/www.germanamericanlegal.com\/wp-content\/uploads\/2023\/10\/IMG_0229resize-1-edited-1.jpg);\" role=\"img\" aria-label=\"IMG_0229resize-1-edited.jpg\"><\/div>\n\t\t\t\t<div class=\"elementor-cta__bg-overlay\"><\/div>\n\t\t\t<\/div>\n\t\t\t\t\t\t\t\t<\/div>\n\t\t\t\t\t\t<\/div>\n\t\t\t\t<\/div>\n\t\t\t\t<\/div>\n\t\t<div class=\"elementor-element elementor-element-5e15e6c6 e-con-full e-flex e-con e-child\" data-id=\"5e15e6c6\" data-element_type=\"container\">\n\t\t\t\t<div class=\"elementor-element elementor-element-1bc67c82 elementor-widget__width-initial elementor-absolute elementor-widget elementor-widget-spacer\" data-id=\"1bc67c82\" data-element_type=\"widget\" data-settings=\"{&quot;_position&quot;:&quot;absolute&quot;}\" data-widget_type=\"spacer.default\">\n\t\t\t\t<div class=\"elementor-widget-container\">\n\t\t\t\t\t\t\t<div class=\"elementor-spacer\">\n\t\t\t<div class=\"elementor-spacer-inner\"><\/div>\n\t\t<\/div>\n\t\t\t\t\t\t<\/div>\n\t\t\t\t<\/div>\n\t\t\t\t<div class=\"elementor-element elementor-element-78efb1a6 elementor-invisible elementor-widget elementor-widget-heading\" data-id=\"78efb1a6\" data-element_type=\"widget\" data-settings=\"{&quot;_animation&quot;:&quot;fadeInUp&quot;}\" data-widget_type=\"heading.default\">\n\t\t\t\t<div class=\"elementor-widget-container\">\n\t\t\t\t\t<h3 class=\"elementor-heading-title elementor-size-default\">Beibehaltungsgenehmigung<\/h3>\t\t\t\t<\/div>\n\t\t\t\t<\/div>\n\t\t\t\t<div class=\"elementor-element elementor-element-21040a8f elementor-widget elementor-widget-heading\" data-id=\"21040a8f\" data-element_type=\"widget\" data-widget_type=\"heading.default\">\n\t\t\t\t<div class=\"elementor-widget-container\">\n\t\t\t\t\t<h1 class=\"elementor-heading-title elementor-size-default\">Petici\u00f3n de conservaci\u00f3n de la nacionalidad<\/h1>\t\t\t\t<\/div>\n\t\t\t\t<\/div>\n\t\t\t\t<div class=\"elementor-element elementor-element-3decab4c elementor-widget elementor-widget-text-editor\" data-id=\"3decab4c\" data-element_type=\"widget\" data-widget_type=\"text-editor.default\">\n\t\t\t\t<div class=\"elementor-widget-container\">\n\t\t\t\t\t\t\t\t\t<p>El proceso de solicitud de conservaci\u00f3n de la nacionalidad alemana permite a las personas mantener su nacionalidad alemana al tiempo que adquieren otra nacionalidad en determinadas condiciones. Es esencial cumplir los requisitos de elegibilidad y aportar razones de peso para adquirir otra nacionalidad a fin de aumentar las posibilidades de aprobaci\u00f3n.<\/p>\t\t\t\t\t\t\t\t<\/div>\n\t\t\t\t<\/div>\n\t\t\t\t<\/div>\n\t\t\t\t\t<\/div>\n\t\t\t\t<\/div>\n\t\t<div class=\"elementor-element elementor-element-6639e57d e-flex e-con-boxed e-con e-parent\" data-id=\"6639e57d\" data-element_type=\"container\">\n\t\t\t\t\t<div class=\"e-con-inner\">\n\t\t\t\t<div class=\"elementor-element elementor-element-5021b07c elementor-widget elementor-widget-text-editor\" data-id=\"5021b07c\" data-element_type=\"widget\" data-widget_type=\"text-editor.default\">\n\t\t\t\t<div class=\"elementor-widget-container\">\n\t\t\t\t\t\t\t\t\t<h2>Primer Beibehaltungsantrag y, a continuaci\u00f3n, Naturalizaci\u00f3n<\/h2><p>Alemania cuenta con una disposici\u00f3n legal \u00fanica conocida como Beibehaltungsgenehmigung. Esta normativa aborda un aspecto fundamental de la ciudadan\u00eda para las personas que desean conservar su nacionalidad alemana al tiempo que adquieren la ciudadan\u00eda de otro pa\u00eds.<\/p><p>Seg\u00fan la legislaci\u00f3n vigente, si una persona acepta la nacionalidad de otro pa\u00eds sin presentar una solicitud y recibir la aprobaci\u00f3n del gobierno alem\u00e1n, perder\u00e1 la nacionalidad alemana.<\/p><p>Nuestro bufete es id\u00f3neo para tramitar estas peticiones. El abogado Patrick Baumfalk presenta estas solicitudes en nombre de nuestros clientes directamente en Colonia (Alemania), sede del Bundesverwaltungsamt (BVA), organismo gubernamental encargado de tramitar y resolver las solicitudes.<\/p><p>Un aspecto clave de dicha petici\u00f3n de conservaci\u00f3n de la nacionalidad es demostrar una conexi\u00f3n estrecha y continuada con Alemania, que puede incluir lazos familiares, propiedad de bienes o residencia de larga duraci\u00f3n. Hay muchas otras circunstancias que pueden tenerse en cuenta y cada caso es diferente.<\/p><p>Adem\u00e1s, el BVA busca posibles desventajas para el solicitante en caso de que se deniegue la petici\u00f3n. Una simple declaraci\u00f3n de que se le ha denegado el derecho de voto en el nuevo pa\u00eds no suele bastar para probar este punto.<\/p><p>\u00a0<\/p><figure id=\"attachment_948\" aria-describedby=\"caption-attachment-948\" style=\"width: 1024px\" class=\"wp-caption alignnone\"><img fetchpriority=\"high\" decoding=\"async\" class=\"wp-image-948 size-large\" src=\"https:\/\/www.germanamericanlegal.com\/wp-content\/uploads\/2023\/11\/BVA_cologne-1024x636.jpg\" alt=\"beibehaltungsantrag processing\" width=\"1024\" height=\"636\" srcset=\"https:\/\/www.germanamericanlegal.com\/wp-content\/uploads\/2023\/11\/BVA_cologne-1024x636.jpg 1024w, https:\/\/www.germanamericanlegal.com\/wp-content\/uploads\/2023\/11\/BVA_cologne-300x186.jpg 300w, https:\/\/www.germanamericanlegal.com\/wp-content\/uploads\/2023\/11\/BVA_cologne-768x477.jpg 768w, https:\/\/www.germanamericanlegal.com\/wp-content\/uploads\/2023\/11\/BVA_cologne-1536x953.jpg 1536w, https:\/\/www.germanamericanlegal.com\/wp-content\/uploads\/2023\/11\/BVA_cologne-18x12.webp 18w, https:\/\/www.germanamericanlegal.com\/wp-content\/uploads\/2023\/11\/BVA_cologne.jpg 1600w\" sizes=\"(max-width: 1024px) 100vw, 1024px\" \/><figcaption id=\"caption-attachment-948\" class=\"wp-caption-text\">Edificio del Bundesverwaltungsamt en Colonia, Alemania, donde se tramitar\u00e1 su Beibehaltungsgenehmigung<\/figcaption><\/figure><p>\u00a0<\/p><p>Encontrar\u00e1 m\u00e1s informaci\u00f3n en <a href=\"https:\/\/www.germany.info\/us-de\/service\/staatsangehoerigkeit\/beibehaltung-der-deutschen-staatsangehoerigkeit\/1216762\" target=\"_blank\" rel=\"noopener\">Embajada alemana aqu\u00ed<\/a>. Trabajamos en estrecha colaboraci\u00f3n con nuestros clientes para ayudarles con el proceso de solicitud. Como nota pr\u00e1ctica, el BVA no acepta actualmente cheques, dinero en efectivo o pagos en l\u00ednea. La tasa de solicitud de 255 euros debe abonarse desde una cuenta bancaria alemana mediante transferencia. Normalmente realizamos estos pagos en nombre de nuestros clientes a trav\u00e9s de nuestra cuenta fiduciaria alemana. Encontrar\u00e1 una lista actualizada de tasas en <a href=\"https:\/\/www.gesetze-im-internet.de\/stag\/__38.html\" target=\"_blank\" rel=\"noopener\"><abbr title=\"P\u00e1rrafo\">\u00a7<\/abbr> 38 Staatsangeh\u00f6rigkeitsgesetz (StAG)<\/a>.<\/p><p>aqu\u00ed tiene una lista de muestra de los documentos que puede necesitar para la solicitud:<\/p><div class=\"wp-block-group is-layout-constrained wp-block-group-is-layout-constrained\"><div class=\"wp-block-group__inner-container\"><ul><li><em>solicitud original firmada<\/em><\/li><\/ul><ul><li><em>copia compulsada de la partida de nacimiento<\/em><\/li><\/ul><ul><li><em>si procede, copia compulsada del certificado de matrimonio<\/em><\/li><\/ul><ul><li><em>copias compulsadas de los expedientes escolares y\/o laborales<\/em><\/li><\/ul><ul><li><em>un CV alem\u00e1n<\/em><\/li><\/ul><ul><li><em>copia compulsada del pasaporte<\/em><\/li><\/ul><ul><li><em>copia notarial de la naturalizaci\u00f3n<\/em><\/li><\/ul><ul><li><em>prueba notarial de la antigua nacionalidad alemana (es decir, pasaporte)<\/em><\/li><\/ul><ul><li><em>pruebas de la existencia de v\u00ednculos o conexiones suficientes con Alemania<\/em><\/li><\/ul><ul><li><em>pruebas de apoyo financiero<\/em><\/li><li><em>si se solicitan, los antecedentes policiales<br \/><br \/><\/em><\/li><\/ul><\/div><p>Importante actualizaci\u00f3n jur\u00eddica, ya que se est\u00e1 debatiendo una nueva legislaci\u00f3n en el Gabinete alem\u00e1n que reformar\u00e1 el aspecto de la doble nacionalidad de la Ley de Inmigraci\u00f3n alemana. M\u00e1s informaci\u00f3n en <a href=\"https:\/\/www.tagesschau.de\/inland\/innenpolitik\/staatsangehoerigkeitsrecht-102.html\" target=\"_blank\" rel=\"noopener\">Tagesschau<\/a> Art\u00edculo. Es importante tener en cuenta que la Beibehaltungsgenehmigung permanece intacta mientras se debaten los cambios de la ley.<\/p><h3><br \/>Modelo de Beibehaltungsantrag<\/h3><\/div><p><img decoding=\"async\" class=\"alignnone wp-image-949 size-large\" src=\"https:\/\/www.germanamericanlegal.com\/wp-content\/uploads\/2023\/11\/beibehaltungsgenehmigung-1024x566.jpg\" alt=\"beibehaltungsgenehmigung\" width=\"1024\" height=\"566\" srcset=\"https:\/\/www.germanamericanlegal.com\/wp-content\/uploads\/2023\/11\/beibehaltungsgenehmigung-1024x566.jpg 1024w, https:\/\/www.germanamericanlegal.com\/wp-content\/uploads\/2023\/11\/beibehaltungsgenehmigung-300x166.jpg 300w, https:\/\/www.germanamericanlegal.com\/wp-content\/uploads\/2023\/11\/beibehaltungsgenehmigung-768x424.jpg 768w, https:\/\/www.germanamericanlegal.com\/wp-content\/uploads\/2023\/11\/beibehaltungsgenehmigung-1536x849.jpg 1536w, https:\/\/www.germanamericanlegal.com\/wp-content\/uploads\/2023\/11\/beibehaltungsgenehmigung-2048x1132.jpg 2048w, https:\/\/www.germanamericanlegal.com\/wp-content\/uploads\/2023\/11\/beibehaltungsgenehmigung-18x10.webp 18w\" sizes=\"(max-width: 1024px) 100vw, 1024px\" \/><\/p><p>\u00a0<\/p><h2 class=\"wp-block-heading\">Renaturalizaci\u00f3n<\/h2><p>En caso de que ya haya adquirido otra nacionalidad y, por tanto, haya perdido la nacionalidad alemana, existe otra opci\u00f3n. El proceso se denomina Renaturalizaci\u00f3n de antiguos alemanes. La solicitud es similar y tambi\u00e9n la tramita el BVA en Colonia, Alemania. Los requisitos son: 1. haber sido elegible para una solicitud de conservaci\u00f3n de la nacionalidad en su momento y 2. seguir si\u00e9ndolo hasta la fecha. Para m\u00e1s informaci\u00f3n sobre el proceso de renaturalizaci\u00f3n de antiguos alemanes haga clic aqu\u00ed.<\/p><p><em>Descargo de responsabilidad<\/em><\/p><p><em>El material de este post representa informaci\u00f3n general y no debe considerarse asesoramiento jur\u00eddico. Cualquier uso del sitio web NO crea ni constituye una relaci\u00f3n abogado-cliente entre German American Real Estate &amp; Immigration Law Center, LLC (bufete de abogados) o cualquier empleado u otra persona asociada con el bufete de abogados y un usuario de este sitio web. Se pretende como un recurso educativo para<br \/>entender las leyes. Dado que la ley cambia continuamente, algunas partes de este sitio web pueden quedar obsoletas antes de la pr\u00f3xima actualizaci\u00f3n. Siempre es mejor consultar a un abogado sobre sus derechos y responsabilidades legales en relaci\u00f3n con su caso particular.<\/em><\/p><ol class=\"wp-block-footnotes\"><li id=\"74d5e02b-a61f-4a18-a0c5-266461424610\">Es importante tener en cuenta que esta petici\u00f3n s\u00f3lo es necesaria para aquellos que buscan convertirse en ciudadanos de un nuevo pa\u00eds a trav\u00e9s del proceso de naturalizaci\u00f3n. Aquellos que nacieron con doble nacionalidad no necesitan presentar una solicitud de retenci\u00f3n de ciudadan\u00eda. <a href=\"https:\/\/www.germanamericanlegal.com\/es\/beibehaltungsgenehmigung\/#74d5e02b-a61f-4a18-a0c5-266461424610-link\">\u21a9\ufe0e<\/a><\/li><\/ol><div>\u00a0<\/div><div>\u00a0<\/div><div>\u00a0<\/div>\t\t\t\t\t\t\t\t<\/div>\n\t\t\t\t<\/div>\n\t\t\t\t\t<\/div>\n\t\t\t\t<\/div>\n\t\t<div class=\"elementor-element elementor-element-3b09f53c e-con-full e-flex e-con e-parent\" data-id=\"3b09f53c\" data-element_type=\"container\">\n\t\t<div class=\"elementor-element elementor-element-1d427762 e-con-full e-flex e-con e-child\" data-id=\"1d427762\" data-element_type=\"container\" data-settings=\"{&quot;background_background&quot;:&quot;classic&quot;}\">\n\t\t\t\t<\/div>\n\t\t<div class=\"elementor-element elementor-element-3cc0c83e e-con-full e-flex e-con e-child\" data-id=\"3cc0c83e\" data-element_type=\"container\" data-settings=\"{&quot;background_background&quot;:&quot;classic&quot;}\">\n\t\t\t\t<div class=\"elementor-element elementor-element-7675a31a elementor-widget elementor-widget-heading\" data-id=\"7675a31a\" data-element_type=\"widget\" data-widget_type=\"heading.default\">\n\t\t\t\t<div class=\"elementor-widget-container\">\n\t\t\t\t\t<h2 class=\"elementor-heading-title elementor-size-default\">Preg\u00fantenos lo que quiera,\ncuando quieras.<\/h2>\t\t\t\t<\/div>\n\t\t\t\t<\/div>\n\t\t\t\t<div class=\"elementor-element elementor-element-5539be8a elementor-widget elementor-widget-heading\" data-id=\"5539be8a\" data-element_type=\"widget\" data-widget_type=\"heading.default\">\n\t\t\t\t<div class=\"elementor-widget-container\">\n\t\t\t\t\t<p class=\"elementor-heading-title elementor-size-default\">P\u00f3ngase en contacto con nosotros ahora rellenando el siguiente formulario o ll\u00e1menos al\n954-951-1003<\/p>\t\t\t\t<\/div>\n\t\t\t\t<\/div>\n\t\t\t\t<div class=\"elementor-element elementor-element-c61f236 elementor-button-align-end elementor-widget elementor-widget-form\" data-id=\"c61f236\" data-element_type=\"widget\" data-settings=\"{&quot;step_next_label&quot;:&quot;Next&quot;,&quot;step_previous_label&quot;:&quot;Previous&quot;,&quot;button_width&quot;:&quot;100&quot;,&quot;step_type&quot;:&quot;number_text&quot;,&quot;step_icon_shape&quot;:&quot;circle&quot;}\" data-widget_type=\"form.default\">\n\t\t\t\t<div class=\"elementor-widget-container\">\n\t\t\t\t\t\t\t<form class=\"elementor-form\" method=\"post\" name=\"Contact Form\">\n\t\t\t<input type=\"hidden\" name=\"post_id\" value=\"613\"\/>\n\t\t\t<input type=\"hidden\" name=\"form_id\" value=\"c61f236\"\/>\n\t\t\t<input type=\"hidden\" name=\"referer_title\" value=\"\" \/>\n\n\t\t\t\n\t\t\t<div class=\"elementor-form-fields-wrapper elementor-labels-\">\n\t\t\t\t\t\t\t\t<div class=\"elementor-field-type-text elementor-field-group elementor-column elementor-field-group-name elementor-col-50\">\n\t\t\t\t\t\t\t\t\t\t\t\t<label for=\"form-field-name\" class=\"elementor-field-label elementor-screen-only\">\n\t\t\t\t\t\t\t\tNombre y apellidos\t\t\t\t\t\t\t<\/label>\n\t\t\t\t\t\t\t\t\t\t\t\t\t\t<input size=\"1\" type=\"text\" name=\"form_fields[name]\" id=\"form-field-name\" class=\"elementor-field elementor-size-md  elementor-field-textual\" placeholder=\"Nombre y apellidos\">\n\t\t\t\t\t\t\t\t\t\t\t<\/div>\n\t\t\t\t\t\t\t\t<div class=\"elementor-field-type-email elementor-field-group elementor-column elementor-field-group-email elementor-col-50 elementor-field-required\">\n\t\t\t\t\t\t\t\t\t\t\t\t<label for=\"form-field-email\" class=\"elementor-field-label elementor-screen-only\">\n\t\t\t\t\t\t\t\tCorreo electr\u00f3nico\t\t\t\t\t\t\t<\/label>\n\t\t\t\t\t\t\t\t\t\t\t\t\t\t<input size=\"1\" type=\"email\" name=\"form_fields[email]\" id=\"form-field-email\" class=\"elementor-field elementor-size-md  elementor-field-textual\" placeholder=\"Correo electr\u00f3nico\" required=\"required\" aria-required=\"true\">\n\t\t\t\t\t\t\t\t\t\t\t<\/div>\n\t\t\t\t\t\t\t\t<div class=\"elementor-field-type-tel elementor-field-group elementor-column elementor-field-group-field_d4c28c7 elementor-col-50\">\n\t\t\t\t\t\t\t\t\t\t\t\t<label for=\"form-field-field_d4c28c7\" class=\"elementor-field-label elementor-screen-only\">\n\t\t\t\t\t\t\t\tTel\u00e9fono\t\t\t\t\t\t\t<\/label>\n\t\t\t\t\t\t\t\t<input size=\"1\" type=\"tel\" name=\"form_fields[field_d4c28c7]\" id=\"form-field-field_d4c28c7\" class=\"elementor-field elementor-size-md  elementor-field-textual\" placeholder=\"Tel\u00e9fono\" pattern=\"[0-9()#&amp;+*-=.]+\" title=\"Solo se aceptan n\u00fameros y caracteres de tel\u00e9fono (#,-,*,etc).\">\n\n\t\t\t\t\t\t<\/div>\n\t\t\t\t\t\t\t\t<div class=\"elementor-field-type-text elementor-field-group elementor-column elementor-field-group-field_2a73769 elementor-col-50\">\n\t\t\t\t\t\t\t\t\t\t\t\t<label for=\"form-field-field_2a73769\" class=\"elementor-field-label elementor-screen-only\">\n\t\t\t\t\t\t\t\tAsunto\t\t\t\t\t\t\t<\/label>\n\t\t\t\t\t\t\t\t\t\t\t\t\t\t<input size=\"1\" type=\"text\" name=\"form_fields[field_2a73769]\" id=\"form-field-field_2a73769\" class=\"elementor-field elementor-size-md  elementor-field-textual\" placeholder=\"Asunto\">\n\t\t\t\t\t\t\t\t\t\t\t<\/div>\n\t\t\t\t\t\t\t\t<div class=\"elementor-field-type-textarea elementor-field-group elementor-column elementor-field-group-message elementor-col-100\">\n\t\t\t\t\t\t\t\t\t\t\t\t<label for=\"form-field-message\" class=\"elementor-field-label elementor-screen-only\">\n\t\t\t\t\t\t\t\tM\u00e1s informaci\u00f3n\t\t\t\t\t\t\t<\/label>\n\t\t\t\t\t\t<textarea class=\"elementor-field-textual elementor-field  elementor-size-md\" name=\"form_fields[message]\" id=\"form-field-message\" rows=\"4\" placeholder=\"M\u00e1s informaci\u00f3n\"><\/textarea>\t\t\t\t<\/div>\n\t\t\t\t\t\t\t\t<div class=\"elementor-field-group elementor-column elementor-field-type-submit elementor-col-100 e-form__buttons\">\n\t\t\t\t\t<button class=\"elementor-button elementor-size-md\" type=\"submit\">\n\t\t\t\t\t\t<span class=\"elementor-button-content-wrapper\">\n\t\t\t\t\t\t\t\t\t\t\t\t\t\t\t\t\t\t\t\t\t\t<span class=\"elementor-button-text\">Enviar \u27f6<\/span>\n\t\t\t\t\t\t\t\t\t\t\t\t\t<\/span>\n\t\t\t\t\t<\/button>\n\t\t\t\t<\/div>\n\t\t\t<\/div>\n\t\t<input type=\"hidden\" name=\"trp-form-language\" value=\"es\"\/><\/form>\n\t\t\t\t\t\t<\/div>\n\t\t\t\t<\/div>\n\t\t\t\t<\/div>\n\t\t\t\t<\/div>\n\t\t\t\t<\/div>","protected":false},"excerpt":{"rendered":"<p>Beibehaltungsgenehmigung Solicitud de retenci\u00f3n de la nacionalidad alemana El proceso de solicitud de retenci\u00f3n de la nacionalidad alemana permite a las personas mantener su nacionalidad alemana al tiempo que adquieren otra nacionalidad en determinadas condiciones. Es esencial cumplir los requisitos de elegibilidad y aportar razones de peso para adquirir otra nacionalidad a fin de aumentar las posibilidades de aprobaci\u00f3n. Primero Beibehaltungsantrag despu\u00e9s Naturalizaci\u00f3n Alemania tiene un [...]<\/p>","protected":false},"author":1,"featured_media":0,"parent":0,"menu_order":0,"comment_status":"closed","ping_status":"closed","template":"elementor_header_footer","meta":{"om_disable_all_campaigns":false,"_monsterinsights_skip_tracking":false,"_monsterinsights_sitenote_active":false,"_monsterinsights_sitenote_note":"","_monsterinsights_sitenote_category":0,"_uf_show_specific_survey":0,"_uf_disable_surveys":false,"footnotes":""},"class_list":["post-613","page","type-page","status-publish","hentry"],"_links":{"self":[{"href":"https:\/\/www.germanamericanlegal.com\/es\/wp-json\/wp\/v2\/pages\/613","targetHints":{"allow":["GET"]}}],"collection":[{"href":"https:\/\/www.germanamericanlegal.com\/es\/wp-json\/wp\/v2\/pages"}],"about":[{"href":"https:\/\/www.germanamericanlegal.com\/es\/wp-json\/wp\/v2\/types\/page"}],"author":[{"embeddable":true,"href":"https:\/\/www.germanamericanlegal.com\/es\/wp-json\/wp\/v2\/users\/1"}],"replies":[{"embeddable":true,"href":"https:\/\/www.germanamericanlegal.com\/es\/wp-json\/wp\/v2\/comments?post=613"}],"version-history":[{"count":16,"href":"https:\/\/www.germanamericanlegal.com\/es\/wp-json\/wp\/v2\/pages\/613\/revisions"}],"predecessor-version":[{"id":955,"href":"https:\/\/www.germanamericanlegal.com\/es\/wp-json\/wp\/v2\/pages\/613\/revisions\/955"}],"wp:attachment":[{"href":"https:\/\/www.germanamericanlegal.com\/es\/wp-json\/wp\/v2\/media?parent=613"}],"curies":[{"name":"wp","href":"https:\/\/api.w.org\/{rel}","templated":true}]}}