{"id":1131,"date":"2024-02-16T13:56:11","date_gmt":"2024-02-16T13:56:11","guid":{"rendered":"https:\/\/www.germanamericanlegal.com\/?page_id=1131"},"modified":"2024-02-16T14:03:16","modified_gmt":"2024-02-16T14:03:16","slug":"new-german-dual-citizenship-law","status":"publish","type":"page","link":"https:\/\/www.germanamericanlegal.com\/pt\/new-german-dual-citizenship-law\/","title":{"rendered":"Nova lei de dupla cidadania alem\u00e3"},"content":{"rendered":"<div data-elementor-type=\"wp-page\" data-elementor-id=\"1131\" class=\"elementor elementor-1131\" data-elementor-post-type=\"page\">\n\t\t\t\t<div class=\"elementor-element elementor-element-76027604 e-flex e-con-boxed e-con e-parent\" data-id=\"76027604\" data-element_type=\"container\">\n\t\t\t\t\t<div class=\"e-con-inner\">\n\t\t<div class=\"elementor-element elementor-element-785b7531 e-con-full e-flex e-con e-child\" data-id=\"785b7531\" data-element_type=\"container\">\n\t\t\t\t<div class=\"elementor-element elementor-element-162c3f78 elementor-cta--skin-classic elementor-animated-content elementor-bg-transform elementor-bg-transform-zoom-in elementor-widget elementor-widget-call-to-action\" data-id=\"162c3f78\" data-element_type=\"widget\" data-widget_type=\"call-to-action.default\">\n\t\t\t\t<div class=\"elementor-widget-container\">\n\t\t\t\t\t\t\t<div class=\"elementor-cta\">\n\t\t\t\t\t<div class=\"elementor-cta__bg-wrapper\">\n\t\t\t\t<div class=\"elementor-cta__bg elementor-bg\" style=\"background-image: url(https:\/\/www.germanamericanlegal.com\/wp-content\/uploads\/2024\/02\/german-and-american-fans-in-the-bar-2023-11-27-05-24-21-utc-scaled.jpg);\" role=\"img\" aria-label=\"dupla cidadania Alemanha\"><\/div>\n\t\t\t\t<div class=\"elementor-cta__bg-overlay\"><\/div>\n\t\t\t<\/div>\n\t\t\t\t\t\t\t\t<\/div>\n\t\t\t\t\t\t<\/div>\n\t\t\t\t<\/div>\n\t\t\t\t<\/div>\n\t\t<div class=\"elementor-element elementor-element-5e15e6c6 e-con-full e-flex e-con e-child\" data-id=\"5e15e6c6\" data-element_type=\"container\">\n\t\t\t\t<div class=\"elementor-element elementor-element-1bc67c82 elementor-widget__width-initial elementor-absolute elementor-widget elementor-widget-spacer\" data-id=\"1bc67c82\" data-element_type=\"widget\" data-settings=\"{&quot;_position&quot;:&quot;absolute&quot;}\" data-widget_type=\"spacer.default\">\n\t\t\t\t<div class=\"elementor-widget-container\">\n\t\t\t\t\t\t\t<div class=\"elementor-spacer\">\n\t\t\t<div class=\"elementor-spacer-inner\"><\/div>\n\t\t<\/div>\n\t\t\t\t\t\t<\/div>\n\t\t\t\t<\/div>\n\t\t\t\t<div class=\"elementor-element elementor-element-78efb1a6 elementor-invisible elementor-widget elementor-widget-heading\" data-id=\"78efb1a6\" data-element_type=\"widget\" data-settings=\"{&quot;_animation&quot;:&quot;fadeInUp&quot;}\" data-widget_type=\"heading.default\">\n\t\t\t\t<div class=\"elementor-widget-container\">\n\t\t\t\t\t<h3 class=\"elementor-heading-title elementor-size-default\">A partir do in\u00edcio de 2024<\/h3>\t\t\t\t<\/div>\n\t\t\t\t<\/div>\n\t\t\t\t<div class=\"elementor-element elementor-element-21040a8f elementor-widget elementor-widget-heading\" data-id=\"21040a8f\" data-element_type=\"widget\" data-widget_type=\"heading.default\">\n\t\t\t\t<div class=\"elementor-widget-container\">\n\t\t\t\t\t<h1 class=\"elementor-heading-title elementor-size-default\">A nova lei de dupla cidadania da Alemanha<\/h1>\t\t\t\t<\/div>\n\t\t\t\t<\/div>\n\t\t\t\t<div class=\"elementor-element elementor-element-3decab4c elementor-widget elementor-widget-text-editor\" data-id=\"3decab4c\" data-element_type=\"widget\" data-widget_type=\"text-editor.default\">\n\t\t\t\t<div class=\"elementor-widget-container\">\n\t\t\t\t\t\t\t\t\t<p>A partir de 19 de janeiro de 2024, o parlamento alem\u00e3o aprovou uma nova lei que autoriza os cidad\u00e3os alem\u00e3es a ter dupla cidadania. No passado, os alem\u00e3es que se naturalizavam para se tornar cidad\u00e3os dos EUA geralmente tinham que renunciar \u00e0 cidadania alem\u00e3 ou solicitar a permiss\u00e3o de reten\u00e7\u00e3o. <\/p>\t\t\t\t\t\t\t\t<\/div>\n\t\t\t\t<\/div>\n\t\t\t\t<\/div>\n\t\t\t\t\t<\/div>\n\t\t\t\t<\/div>\n\t\t<div class=\"elementor-element elementor-element-6639e57d e-flex e-con-boxed e-con e-parent\" data-id=\"6639e57d\" data-element_type=\"container\">\n\t\t\t\t\t<div class=\"e-con-inner\">\n\t\t\t\t<div class=\"elementor-element elementor-element-5021b07c elementor-widget elementor-widget-text-editor\" data-id=\"5021b07c\" data-element_type=\"widget\" data-widget_type=\"text-editor.default\">\n\t\t\t\t<div class=\"elementor-widget-container\">\n\t\t\t\t\t\t\t\t\t<div class=\"wp-block-group is-layout-constrained wp-block-group-is-layout-constrained\"><div class=\"flex flex-grow flex-col max-w-full\"><div class=\"min-h-[20px] text-message flex flex-col items-start gap-3 whitespace-pre-wrap break-words [.text-message+&amp;]:mt-5 overflow-x-auto\" data-message-author-role=\"assistant\" data-message-id=\"7e0073c3-c79a-41ac-adab-de063d6f897f\"><div class=\"markdown prose w-full break-words dark:prose-invert light\"><p>Perder a cidadania alem\u00e3 por meio da naturaliza\u00e7\u00e3o como cidad\u00e3o americano \u00e9 uma decis\u00e3o importante, e as pessoas que est\u00e3o realizando esse processo devem estar bem informadas sobre as implica\u00e7\u00f5es legais em ambos os pa\u00edses. Buscar orienta\u00e7\u00e3o de profissionais da \u00e1rea jur\u00eddica ou entrar em contato com a miss\u00e3o diplom\u00e1tica alem\u00e3 nos Estados Unidos pode fornecer informa\u00e7\u00f5es valiosas sobre os requisitos espec\u00edficos e as etapas envolvidas na ren\u00fancia \u00e0 cidadania alem\u00e3.<\/p><\/div><p>Embora haja alguma incerteza quanto \u00e0 data exata em que as novas leis entrar\u00e3o em vigor, espera-se que sejam assinadas pelo presidente alem\u00e3o nos pr\u00f3ximos meses. A partir de ent\u00e3o, a Alemanha permitir\u00e1 a dupla cidadania e as solicita\u00e7\u00f5es de reten\u00e7\u00e3o n\u00e3o ser\u00e3o mais necess\u00e1rias.<\/p><\/div><p>Al\u00e9m disso, a nova legisla\u00e7\u00e3o qualificaria os indiv\u00edduos para a cidadania na Alemanha ap\u00f3s residirem no pa\u00eds por cinco anos, ou tr\u00eas anos no caso de \"realiza\u00e7\u00f5es especiais de integra\u00e7\u00e3o\", em oposi\u00e7\u00e3o aos requisitos atuais de oito ou seis anos. Al\u00e9m disso, de acordo com as novas regras, as crian\u00e7as nascidas na Alemanha adquiririam automaticamente a cidadania se um dos pais fosse residente legal por cinco anos, uma redu\u00e7\u00e3o significativa em rela\u00e7\u00e3o \u00e0 estipula\u00e7\u00e3o atual de oito anos.<\/p><div class=\"min-h-[20px] text-message flex flex-col items-start gap-3 whitespace-pre-wrap break-words [.text-message+&amp;]:mt-5 overflow-x-auto\" data-message-author-role=\"assistant\" data-message-id=\"7e0073c3-c79a-41ac-adab-de063d6f897f\"><p>\u00a0<\/p><\/div><\/div><h3>O Beibehaltungsantrag n\u00e3o ser\u00e1 mais necess\u00e1rio<\/h3><p>\u00a0<\/p><\/div><p><img fetchpriority=\"high\" decoding=\"async\" class=\"alignnone wp-image-949 size-large\" src=\"https:\/\/www.germanamericanlegal.com\/wp-content\/uploads\/2023\/11\/beibehaltungsgenehmigung-1024x566.jpg\" alt=\"beibehaltungsgenehmigung\" width=\"1024\" height=\"566\" srcset=\"https:\/\/www.germanamericanlegal.com\/wp-content\/uploads\/2023\/11\/beibehaltungsgenehmigung-1024x566.jpg 1024w, https:\/\/www.germanamericanlegal.com\/wp-content\/uploads\/2023\/11\/beibehaltungsgenehmigung-300x166.jpg 300w, https:\/\/www.germanamericanlegal.com\/wp-content\/uploads\/2023\/11\/beibehaltungsgenehmigung-768x424.jpg 768w, https:\/\/www.germanamericanlegal.com\/wp-content\/uploads\/2023\/11\/beibehaltungsgenehmigung-1536x849.jpg 1536w, https:\/\/www.germanamericanlegal.com\/wp-content\/uploads\/2023\/11\/beibehaltungsgenehmigung-2048x1132.jpg 2048w, https:\/\/www.germanamericanlegal.com\/wp-content\/uploads\/2023\/11\/beibehaltungsgenehmigung-18x10.webp 18w\" sizes=\"(max-width: 1024px) 100vw, 1024px\" \/><\/p><h2 class=\"wp-block-heading\">Renaturaliza\u00e7\u00e3o<\/h2><p>Caso voc\u00ea j\u00e1 tenha adquirido outra cidadania e, portanto, perdido a cidadania alem\u00e3, existem op\u00e7\u00f5es para recuperar sua cidadania alem\u00e3. Atualmente, o processo \u00e9 chamado de renaturaliza\u00e7\u00e3o de ex-alem\u00e3es. A solicita\u00e7\u00e3o \u00e9 semelhante e tamb\u00e9m \u00e9 processada pelo BVA em Col\u00f4nia, Alemanha. Os requisitos s\u00e3o: 1. ser eleg\u00edvel para uma solicita\u00e7\u00e3o de reten\u00e7\u00e3o de cidadania na \u00e9poca e 2. continuar sendo eleg\u00edvel at\u00e9 hoje. Para obter mais informa\u00e7\u00f5es sobre o processo de renaturaliza\u00e7\u00e3o de ex-alem\u00e3es, clique aqui.<\/p><p>Estamos monitorando continuamente a implementa\u00e7\u00e3o dessas novas leis, pois espera-se que o processo para recuperar sua cidadania perdida seja alterado e simplificado.<\/p><p>\u00a0<\/p><p>\u00a0<\/p><p><em>Isen\u00e7\u00e3o de responsabilidade<\/em><\/p><p><em>O material contido nesta postagem representa informa\u00e7\u00f5es gerais e n\u00e3o deve ser considerado aconselhamento jur\u00eddico. Qualquer uso do site N\u00c3O cria nem constitui um relacionamento advogado-cliente entre o German American Real Estate &amp; Immigration Law Center, LLC (escrit\u00f3rio de advocacia) ou qualquer funcion\u00e1rio ou outra pessoa associada ao escrit\u00f3rio de advocacia e um usu\u00e1rio deste site. Ele se destina a ser um recurso educacional para<br \/>entendendo as leis. Como a lei est\u00e1 sempre mudando, algumas partes deste site podem ficar desatualizadas antes da pr\u00f3xima atualiza\u00e7\u00e3o. \u00c9 sempre melhor consultar um advogado sobre seus direitos e responsabilidades legais em rela\u00e7\u00e3o ao seu caso espec\u00edfico.<\/em><\/p><ol class=\"wp-block-footnotes\"><li id=\"74d5e02b-a61f-4a18-a0c5-266461424610\">\u00c9 importante observar que essa peti\u00e7\u00e3o s\u00f3 \u00e9 necess\u00e1ria para aqueles que pretendem se tornar cidad\u00e3os de um novo pa\u00eds por meio do processo de naturaliza\u00e7\u00e3o. Aqueles que nasceram com dupla cidadania n\u00e3o precisam enviar uma solicita\u00e7\u00e3o de reten\u00e7\u00e3o de cidadania. <a href=\"https:\/\/www.germanamericanlegal.com\/pt\/beibehaltungsgenehmigung\/#74d5e02b-a61f-4a18-a0c5-266461424610-link\">\u21a9\ufe0e<\/a><\/li><\/ol><div>\u00a0<\/div><div>\u00a0<\/div><div>\u00a0<\/div>\t\t\t\t\t\t\t\t<\/div>\n\t\t\t\t<\/div>\n\t\t\t\t\t<\/div>\n\t\t\t\t<\/div>\n\t\t<div class=\"elementor-element elementor-element-3b09f53c e-con-full e-flex e-con e-parent\" data-id=\"3b09f53c\" data-element_type=\"container\">\n\t\t<div class=\"elementor-element elementor-element-1d427762 e-con-full e-flex e-con e-child\" data-id=\"1d427762\" data-element_type=\"container\" data-settings=\"{&quot;background_background&quot;:&quot;classic&quot;}\">\n\t\t\t\t<\/div>\n\t\t<div class=\"elementor-element elementor-element-3cc0c83e e-con-full e-flex e-con e-child\" data-id=\"3cc0c83e\" data-element_type=\"container\" data-settings=\"{&quot;background_background&quot;:&quot;classic&quot;}\">\n\t\t\t\t<div class=\"elementor-element elementor-element-7675a31a elementor-widget elementor-widget-heading\" data-id=\"7675a31a\" data-element_type=\"widget\" data-widget_type=\"heading.default\">\n\t\t\t\t<div class=\"elementor-widget-container\">\n\t\t\t\t\t<h2 class=\"elementor-heading-title elementor-size-default\">Pergunte-nos qualquer coisa,\nA qualquer momento.<\/h2>\t\t\t\t<\/div>\n\t\t\t\t<\/div>\n\t\t\t\t<div class=\"elementor-element elementor-element-5539be8a elementor-widget elementor-widget-heading\" data-id=\"5539be8a\" data-element_type=\"widget\" data-widget_type=\"heading.default\">\n\t\t\t\t<div class=\"elementor-widget-container\">\n\t\t\t\t\t<p class=\"elementor-heading-title elementor-size-default\">Entre em contato conosco agora preenchendo o formul\u00e1rio abaixo ou ligue para\n954-951-1003<\/p>\t\t\t\t<\/div>\n\t\t\t\t<\/div>\n\t\t\t\t<div class=\"elementor-element elementor-element-c61f236 elementor-button-align-end elementor-widget elementor-widget-form\" data-id=\"c61f236\" data-element_type=\"widget\" data-settings=\"{&quot;step_next_label&quot;:&quot;Next&quot;,&quot;step_previous_label&quot;:&quot;Previous&quot;,&quot;button_width&quot;:&quot;100&quot;,&quot;step_type&quot;:&quot;number_text&quot;,&quot;step_icon_shape&quot;:&quot;circle&quot;}\" data-widget_type=\"form.default\">\n\t\t\t\t<div class=\"elementor-widget-container\">\n\t\t\t\t\t\t\t<form class=\"elementor-form\" method=\"post\" name=\"Contact Form\">\n\t\t\t<input type=\"hidden\" name=\"post_id\" value=\"1131\"\/>\n\t\t\t<input type=\"hidden\" name=\"form_id\" value=\"c61f236\"\/>\n\t\t\t<input type=\"hidden\" name=\"referer_title\" value=\"\" \/>\n\n\t\t\t\n\t\t\t<div class=\"elementor-form-fields-wrapper elementor-labels-\">\n\t\t\t\t\t\t\t\t<div class=\"elementor-field-type-text elementor-field-group elementor-column elementor-field-group-name elementor-col-50\">\n\t\t\t\t\t\t\t\t\t\t\t\t<label for=\"form-field-name\" class=\"elementor-field-label elementor-screen-only\">\n\t\t\t\t\t\t\t\tNome completo\t\t\t\t\t\t\t<\/label>\n\t\t\t\t\t\t\t\t\t\t\t\t\t\t<input size=\"1\" type=\"text\" name=\"form_fields[name]\" id=\"form-field-name\" class=\"elementor-field elementor-size-md  elementor-field-textual\" placeholder=\"Nome completo\">\n\t\t\t\t\t\t\t\t\t\t\t<\/div>\n\t\t\t\t\t\t\t\t<div class=\"elementor-field-type-email elementor-field-group elementor-column elementor-field-group-email elementor-col-50 elementor-field-required\">\n\t\t\t\t\t\t\t\t\t\t\t\t<label for=\"form-field-email\" class=\"elementor-field-label elementor-screen-only\">\n\t\t\t\t\t\t\t\tE-mail\t\t\t\t\t\t\t<\/label>\n\t\t\t\t\t\t\t\t\t\t\t\t\t\t<input size=\"1\" type=\"email\" name=\"form_fields[email]\" id=\"form-field-email\" class=\"elementor-field elementor-size-md  elementor-field-textual\" placeholder=\"E-mail\" required=\"required\" aria-required=\"true\">\n\t\t\t\t\t\t\t\t\t\t\t<\/div>\n\t\t\t\t\t\t\t\t<div class=\"elementor-field-type-tel elementor-field-group elementor-column elementor-field-group-field_d4c28c7 elementor-col-50\">\n\t\t\t\t\t\t\t\t\t\t\t\t<label for=\"form-field-field_d4c28c7\" class=\"elementor-field-label elementor-screen-only\">\n\t\t\t\t\t\t\t\tTelefone\t\t\t\t\t\t\t<\/label>\n\t\t\t\t\t\t\t\t<input size=\"1\" type=\"tel\" name=\"form_fields[field_d4c28c7]\" id=\"form-field-field_d4c28c7\" class=\"elementor-field elementor-size-md  elementor-field-textual\" placeholder=\"Telefone\" pattern=\"[0-9()#&amp;+*-=.]+\" title=\"Apenas n\u00fameros e caracteres de telefone (#, -, *, etc.) s\u00e3o aceitos.\">\n\n\t\t\t\t\t\t<\/div>\n\t\t\t\t\t\t\t\t<div class=\"elementor-field-type-text elementor-field-group elementor-column elementor-field-group-field_2a73769 elementor-col-50\">\n\t\t\t\t\t\t\t\t\t\t\t\t<label for=\"form-field-field_2a73769\" class=\"elementor-field-label elementor-screen-only\">\n\t\t\t\t\t\t\t\tAssunto\t\t\t\t\t\t\t<\/label>\n\t\t\t\t\t\t\t\t\t\t\t\t\t\t<input size=\"1\" type=\"text\" name=\"form_fields[field_2a73769]\" id=\"form-field-field_2a73769\" class=\"elementor-field elementor-size-md  elementor-field-textual\" placeholder=\"Assunto\">\n\t\t\t\t\t\t\t\t\t\t\t<\/div>\n\t\t\t\t\t\t\t\t<div class=\"elementor-field-type-textarea elementor-field-group elementor-column elementor-field-group-message elementor-col-100\">\n\t\t\t\t\t\t\t\t\t\t\t\t<label for=\"form-field-message\" class=\"elementor-field-label elementor-screen-only\">\n\t\t\t\t\t\t\t\tConte-nos mais\t\t\t\t\t\t\t<\/label>\n\t\t\t\t\t\t<textarea class=\"elementor-field-textual elementor-field  elementor-size-md\" name=\"form_fields[message]\" id=\"form-field-message\" rows=\"4\" placeholder=\"Conte-nos mais\"><\/textarea>\t\t\t\t<\/div>\n\t\t\t\t\t\t\t\t<div class=\"elementor-field-group elementor-column elementor-field-type-submit elementor-col-100 e-form__buttons\">\n\t\t\t\t\t<button class=\"elementor-button elementor-size-md\" type=\"submit\">\n\t\t\t\t\t\t<span class=\"elementor-button-content-wrapper\">\n\t\t\t\t\t\t\t\t\t\t\t\t\t\t\t\t\t\t\t\t\t\t<span class=\"elementor-button-text\">Enviar \u27f6<\/span>\n\t\t\t\t\t\t\t\t\t\t\t\t\t<\/span>\n\t\t\t\t\t<\/button>\n\t\t\t\t<\/div>\n\t\t\t<\/div>\n\t\t<input type=\"hidden\" name=\"trp-form-language\" value=\"pt\"\/><\/form>\n\t\t\t\t\t\t<\/div>\n\t\t\t\t<\/div>\n\t\t\t\t<\/div>\n\t\t\t\t<\/div>\n\t\t\t\t<\/div>","protected":false},"excerpt":{"rendered":"<p>A partir do in\u00edcio de 2024, a nova lei de dupla cidadania da Alemanha Em 19 de janeiro de 2024, o parlamento alem\u00e3o aprovou uma nova lei que autoriza os cidad\u00e3os alem\u00e3es a ter dupla cidadania. No passado, os alem\u00e3es que se naturalizavam para se tornar cidad\u00e3os dos EUA geralmente tinham de renunciar \u00e0 cidadania alem\u00e3 ou solicitar a permiss\u00e3o de reten\u00e7\u00e3o. Perder a cidadania alem\u00e3 [...]<\/p>","protected":false},"author":1,"featured_media":0,"parent":0,"menu_order":0,"comment_status":"closed","ping_status":"closed","template":"elementor_header_footer","meta":{"om_disable_all_campaigns":false,"_monsterinsights_skip_tracking":false,"_monsterinsights_sitenote_active":false,"_monsterinsights_sitenote_note":"","_monsterinsights_sitenote_category":0,"_uf_show_specific_survey":0,"_uf_disable_surveys":false,"footnotes":""},"class_list":["post-1131","page","type-page","status-publish","hentry"],"_links":{"self":[{"href":"https:\/\/www.germanamericanlegal.com\/pt\/wp-json\/wp\/v2\/pages\/1131","targetHints":{"allow":["GET"]}}],"collection":[{"href":"https:\/\/www.germanamericanlegal.com\/pt\/wp-json\/wp\/v2\/pages"}],"about":[{"href":"https:\/\/www.germanamericanlegal.com\/pt\/wp-json\/wp\/v2\/types\/page"}],"author":[{"embeddable":true,"href":"https:\/\/www.germanamericanlegal.com\/pt\/wp-json\/wp\/v2\/users\/1"}],"replies":[{"embeddable":true,"href":"https:\/\/www.germanamericanlegal.com\/pt\/wp-json\/wp\/v2\/comments?post=1131"}],"version-history":[{"count":11,"href":"https:\/\/www.germanamericanlegal.com\/pt\/wp-json\/wp\/v2\/pages\/1131\/revisions"}],"predecessor-version":[{"id":1143,"href":"https:\/\/www.germanamericanlegal.com\/pt\/wp-json\/wp\/v2\/pages\/1131\/revisions\/1143"}],"wp:attachment":[{"href":"https:\/\/www.germanamericanlegal.com\/pt\/wp-json\/wp\/v2\/media?parent=1131"}],"curies":[{"name":"wp","href":"https:\/\/api.w.org\/{rel}","templated":true}]}}