{"id":743,"date":"2023-10-15T12:19:14","date_gmt":"2023-10-15T12:19:14","guid":{"rendered":"https:\/\/germanamericanlegal.com\/?page_id=743"},"modified":"2023-11-16T14:23:16","modified_gmt":"2023-11-16T14:23:16","slug":"firpta","status":"publish","type":"page","link":"https:\/\/www.germanamericanlegal.com\/pt\/firpta\/","title":{"rendered":"FIRPTA"},"content":{"rendered":"<div data-elementor-type=\"wp-page\" data-elementor-id=\"743\" class=\"elementor elementor-743\" data-elementor-post-type=\"page\">\n\t\t\t\t<div class=\"elementor-element elementor-element-41036ef2 e-flex e-con-boxed e-con e-parent\" data-id=\"41036ef2\" data-element_type=\"container\">\n\t\t\t\t\t<div class=\"e-con-inner\">\n\t\t<div class=\"elementor-element elementor-element-65302886 e-con-full e-flex e-con e-child\" data-id=\"65302886\" data-element_type=\"container\">\n\t\t\t\t<div class=\"elementor-element elementor-element-6aa6f588 elementor-cta--skin-classic elementor-animated-content elementor-bg-transform elementor-bg-transform-zoom-in elementor-widget elementor-widget-call-to-action\" data-id=\"6aa6f588\" data-element_type=\"widget\" data-widget_type=\"call-to-action.default\">\n\t\t\t\t<div class=\"elementor-widget-container\">\n\t\t\t\t\t\t\t<div class=\"elementor-cta\">\n\t\t\t\t\t<div class=\"elementor-cta__bg-wrapper\">\n\t\t\t\t<div class=\"elementor-cta__bg elementor-bg\" style=\"background-image: url(https:\/\/www.germanamericanlegal.com\/wp-content\/uploads\/2023\/10\/firpta.jpg);\" role=\"img\" aria-label=\"firpta\"><\/div>\n\t\t\t\t<div class=\"elementor-cta__bg-overlay\"><\/div>\n\t\t\t<\/div>\n\t\t\t\t\t\t\t\t<\/div>\n\t\t\t\t\t\t<\/div>\n\t\t\t\t<\/div>\n\t\t\t\t<\/div>\n\t\t<div class=\"elementor-element elementor-element-43bef523 e-con-full e-flex e-con e-child\" data-id=\"43bef523\" data-element_type=\"container\">\n\t\t\t\t<div class=\"elementor-element elementor-element-1cb9cee4 elementor-widget__width-initial elementor-absolute elementor-widget elementor-widget-spacer\" data-id=\"1cb9cee4\" data-element_type=\"widget\" data-settings=\"{&quot;_position&quot;:&quot;absolute&quot;}\" data-widget_type=\"spacer.default\">\n\t\t\t\t<div class=\"elementor-widget-container\">\n\t\t\t\t\t\t\t<div class=\"elementor-spacer\">\n\t\t\t<div class=\"elementor-spacer-inner\"><\/div>\n\t\t<\/div>\n\t\t\t\t\t\t<\/div>\n\t\t\t\t<\/div>\n\t\t\t\t<div class=\"elementor-element elementor-element-61151ee4 elementor-invisible elementor-widget elementor-widget-heading\" data-id=\"61151ee4\" data-element_type=\"widget\" data-settings=\"{&quot;_animation&quot;:&quot;fadeInUp&quot;}\" data-widget_type=\"heading.default\">\n\t\t\t\t<div class=\"elementor-widget-container\">\n\t\t\t\t\t<h3 class=\"elementor-heading-title elementor-size-default\">O que fazemos de melhor<\/h3>\t\t\t\t<\/div>\n\t\t\t\t<\/div>\n\t\t\t\t<div class=\"elementor-element elementor-element-4b9e0961 elementor-widget elementor-widget-heading\" data-id=\"4b9e0961\" data-element_type=\"widget\" data-widget_type=\"heading.default\">\n\t\t\t\t<div class=\"elementor-widget-container\">\n\t\t\t\t\t<h1 class=\"elementor-heading-title elementor-size-default\">FIRPTA - Venda de im\u00f3veis como estrangeiro<\/h1>\t\t\t\t<\/div>\n\t\t\t\t<\/div>\n\t\t\t\t<div class=\"elementor-element elementor-element-47e30dc3 elementor-widget elementor-widget-text-editor\" data-id=\"47e30dc3\" data-element_type=\"widget\" data-widget_type=\"text-editor.default\">\n\t\t\t\t<div class=\"elementor-widget-container\">\n\t\t\t\t\t\t\t\t\t<div class=\"flex-1 overflow-hidden\"><div class=\"react-scroll-to-bottom--css-zryfj-79elbk h-full dark:bg-gray-800\"><div class=\"react-scroll-to-bottom--css-zryfj-1n7m0yu\"><div class=\"flex flex-col text-sm dark:bg-gray-800\"><div class=\"group w-full text-token-text-primary border-b border-black\/10 gizmo:border-0 dark:border-gray-900\/50 gizmo:dark:border-0 bg-gray-50 gizmo:bg-transparent dark:bg-[#444654] gizmo:dark:bg-transparent\" data-testid=\"conversation-turn-9\"><div class=\"p-4 justify-center text-base md:gap-6 md:py-6 m-auto\"><div class=\"flex flex-1 gap-4 text-base mx-auto md:gap-6 gizmo:gap-3 gizmo:md:px-5 gizmo:lg:px-1 gizmo:xl:px-5 md:max-w-2xl lg:max-w-[38rem] gizmo:md:max-w-3xl gizmo:lg:max-w-[40rem] gizmo:xl:max-w-[48rem] xl:max-w-3xl }\"><div class=\"relative flex w-[calc(100%-50px)] flex-col gap-1 gizmo:w-full md:gap-3 lg:w-[calc(100%-115px)] agent-turn\"><div class=\"flex flex-grow flex-col gap-3 max-w-full\"><div class=\"min-h-[20px] flex flex-col items-start gap-3 whitespace-pre-wrap break-words overflow-x-auto\"><div class=\"markdown prose w-full break-words dark:prose-invert light\">A FIRPTA, ou Lei de Investimento Estrangeiro em Imposto sobre Propriedade Imobili\u00e1ria, foi promulgada pelo Congresso dos EUA em 1980 para garantir que os investidores estrangeiros paguem impostos sobre os ganhos de capital derivados da aliena\u00e7\u00e3o de interesses imobili\u00e1rios nos EUA. Isso inclui vendas, trocas e outras transfer\u00eancias de im\u00f3veis por pessoas estrangeiras.<\/div><\/div><\/div><\/div><\/div><\/div><\/div><\/div><\/div><\/div><\/div>\t\t\t\t\t\t\t\t<\/div>\n\t\t\t\t<\/div>\n\t\t\t\t<\/div>\n\t\t\t\t\t<\/div>\n\t\t\t\t<\/div>\n\t\t<div class=\"elementor-element elementor-element-381ec3b1 e-flex e-con-boxed e-con e-parent\" data-id=\"381ec3b1\" data-element_type=\"container\">\n\t\t\t\t\t<div class=\"e-con-inner\">\n\t\t\t\t<div class=\"elementor-element elementor-element-426babd2 elementor-widget elementor-widget-text-editor\" data-id=\"426babd2\" data-element_type=\"widget\" data-widget_type=\"text-editor.default\">\n\t\t\t\t<div class=\"elementor-widget-container\">\n\t\t\t\t\t\t\t\t\t<p>(FIRPTA) \u00e9 uma pe\u00e7a fundamental da legisla\u00e7\u00e3o que os investidores estrangeiros precisam compreender ao se envolverem em transa\u00e7\u00f5es imobili\u00e1rias nos EUA. Um aspecto surpreendente da lei \u00e9 que, embora a FIRPTA tenha como objetivo garantir que o vendedor pague os impostos sobre a venda de im\u00f3veis, o comprador \u00e9 o agente de reten\u00e7\u00e3o, o que significa que o comprador deve reter e remeter ao IRS qualquer imposto retido no prazo de 20 dias ap\u00f3s o fechamento. <\/p><p>Uma pessoa que \u00e9 obrigada a deduzir e reter o imposto, mas n\u00e3o o faz, pode ser responsabilizada pelo pagamento do imposto e de quaisquer penalidades e juros aplic\u00e1veis.<\/p><p>A taxa de reten\u00e7\u00e3o t\u00edpica em uma venda depende de suas circunst\u00e2ncias particulares:<\/p><ul><li>Quando a propriedade for usada pelo comprador como resid\u00eancia, aplica-se a taxa de reten\u00e7\u00e3o de 10%, desde que o valor realizado exceda $300.000, mas n\u00e3o exceda $1.000.000.<\/li><li>Acima de $1.000.000 requer uma reten\u00e7\u00e3o de 15%<\/li><li>Portanto, quando a propriedade for usada como resid\u00eancia e estiver abaixo de $300.000, n\u00e3o ser\u00e1 necess\u00e1ria nenhuma reten\u00e7\u00e3o<\/li><li>N\u00e3o usado como resid\u00eancia = taxa de reten\u00e7\u00e3o 15%<\/li><\/ul><p>\u00c9 importante observar que essa \u00e9 a reten\u00e7\u00e3o FIRPTA e n\u00e3o o imposto final que precisa ser pago. Portanto, \u00e9 importante apresentar uma declara\u00e7\u00e3o de imposto de renda e solicitar que a diferen\u00e7a seja devolvida como reembolso.<\/p><p>Auxiliamos os clientes nesse processo, obtendo um W-7, um ITIN (n\u00famero de identifica\u00e7\u00e3o fiscal internacional) e preenchendo uma declara\u00e7\u00e3o de imposto de renda no final do ano para recuperar esses fundos FIRPTA.<\/p><p>Existem outras possibilidades de evitar a reten\u00e7\u00e3o do FIRPTA desde o in\u00edcio, por meio do preenchimento de um formul\u00e1rio chamado 8288-b.<\/p><p>\u00a0<\/p><p><img fetchpriority=\"high\" decoding=\"async\" class=\"alignnone wp-image-746 size-full\" src=\"https:\/\/germanamericanlegal.com\/wp-content\/uploads\/2023\/10\/8288.png\" alt=\"firpta form\" width=\"694\" height=\"554\" srcset=\"https:\/\/www.germanamericanlegal.com\/wp-content\/uploads\/2023\/10\/8288.png 694w, https:\/\/www.germanamericanlegal.com\/wp-content\/uploads\/2023\/10\/8288-300x239.png 300w, https:\/\/www.germanamericanlegal.com\/wp-content\/uploads\/2023\/10\/8288-15x12.png 15w\" sizes=\"(max-width: 694px) 100vw, 694px\" \/><\/p><p>\u0096<\/p><p>Uma declara\u00e7\u00e3o 8288-b permite que o vendedor receba uma determina\u00e7\u00e3o do IRS sobre a reten\u00e7\u00e3o exata necess\u00e1ria. No entanto, isso leva tempo e precisa ser planejado com bastante anteced\u00eancia em rela\u00e7\u00e3o \u00e0 venda da propriedade.<\/p><p>\u00a0<\/p><p>\u00a0<\/p><p><em>Isen\u00e7\u00e3o de responsabilidade<\/em><\/p><p><em>O material contido nesta postagem representa informa\u00e7\u00f5es gerais e n\u00e3o deve ser considerado aconselhamento jur\u00eddico. Qualquer uso do site N\u00c3O cria nem constitui um relacionamento advogado-cliente entre o German American Real Estate &amp; Immigration Law Center, LLC (escrit\u00f3rio de advocacia) ou qualquer funcion\u00e1rio ou outra pessoa associada ao escrit\u00f3rio de advocacia e um usu\u00e1rio deste site. Ele se destina a ser um recurso educacional para<br \/>entendendo as leis. Como a lei est\u00e1 sempre mudando, algumas partes deste site podem ficar desatualizadas antes da pr\u00f3xima atualiza\u00e7\u00e3o. \u00c9 sempre melhor consultar um advogado sobre seus direitos e responsabilidades legais em rela\u00e7\u00e3o ao seu caso espec\u00edfico.<\/em><\/p><p>\u00a0<\/p><p>\u00a0<\/p>\t\t\t\t\t\t\t\t<\/div>\n\t\t\t\t<\/div>\n\t\t\t\t\t<\/div>\n\t\t\t\t<\/div>\n\t\t<div class=\"elementor-element elementor-element-41f98dd8 e-con-full e-flex e-con e-parent\" data-id=\"41f98dd8\" data-element_type=\"container\">\n\t\t<div class=\"elementor-element elementor-element-599a4c59 e-con-full e-flex e-con e-child\" data-id=\"599a4c59\" data-element_type=\"container\" data-settings=\"{&quot;background_background&quot;:&quot;classic&quot;}\">\n\t\t\t\t<\/div>\n\t\t<div class=\"elementor-element elementor-element-76dc4623 e-con-full e-flex e-con e-child\" data-id=\"76dc4623\" data-element_type=\"container\" data-settings=\"{&quot;background_background&quot;:&quot;classic&quot;}\">\n\t\t\t\t<div class=\"elementor-element elementor-element-74b800cc elementor-widget elementor-widget-heading\" data-id=\"74b800cc\" data-element_type=\"widget\" data-widget_type=\"heading.default\">\n\t\t\t\t<div class=\"elementor-widget-container\">\n\t\t\t\t\t<h2 class=\"elementor-heading-title elementor-size-default\">Pergunte-nos qualquer coisa,\nA qualquer momento.<\/h2>\t\t\t\t<\/div>\n\t\t\t\t<\/div>\n\t\t\t\t<div class=\"elementor-element elementor-element-33fa57d0 elementor-widget elementor-widget-heading\" data-id=\"33fa57d0\" data-element_type=\"widget\" data-widget_type=\"heading.default\">\n\t\t\t\t<div class=\"elementor-widget-container\">\n\t\t\t\t\t<p class=\"elementor-heading-title elementor-size-default\">Entre em contato conosco agora preenchendo o formul\u00e1rio abaixo ou ligue para\n954-951-1003<\/p>\t\t\t\t<\/div>\n\t\t\t\t<\/div>\n\t\t\t\t<div class=\"elementor-element elementor-element-4284760f elementor-button-align-end elementor-widget elementor-widget-form\" data-id=\"4284760f\" data-element_type=\"widget\" data-settings=\"{&quot;step_next_label&quot;:&quot;Next&quot;,&quot;step_previous_label&quot;:&quot;Previous&quot;,&quot;button_width&quot;:&quot;100&quot;,&quot;step_type&quot;:&quot;number_text&quot;,&quot;step_icon_shape&quot;:&quot;circle&quot;}\" data-widget_type=\"form.default\">\n\t\t\t\t<div class=\"elementor-widget-container\">\n\t\t\t\t\t\t\t<form class=\"elementor-form\" method=\"post\" name=\"Contact Form\">\n\t\t\t<input type=\"hidden\" name=\"post_id\" value=\"743\"\/>\n\t\t\t<input type=\"hidden\" name=\"form_id\" value=\"4284760f\"\/>\n\t\t\t<input type=\"hidden\" name=\"referer_title\" value=\"\" \/>\n\n\t\t\t\n\t\t\t<div class=\"elementor-form-fields-wrapper elementor-labels-\">\n\t\t\t\t\t\t\t\t<div class=\"elementor-field-type-text elementor-field-group elementor-column elementor-field-group-name elementor-col-50\">\n\t\t\t\t\t\t\t\t\t\t\t\t<label for=\"form-field-name\" class=\"elementor-field-label elementor-screen-only\">\n\t\t\t\t\t\t\t\tNome completo\t\t\t\t\t\t\t<\/label>\n\t\t\t\t\t\t\t\t\t\t\t\t\t\t<input size=\"1\" type=\"text\" name=\"form_fields[name]\" id=\"form-field-name\" class=\"elementor-field elementor-size-md  elementor-field-textual\" placeholder=\"Nome completo\">\n\t\t\t\t\t\t\t\t\t\t\t<\/div>\n\t\t\t\t\t\t\t\t<div class=\"elementor-field-type-email elementor-field-group elementor-column elementor-field-group-email elementor-col-50 elementor-field-required\">\n\t\t\t\t\t\t\t\t\t\t\t\t<label for=\"form-field-email\" class=\"elementor-field-label elementor-screen-only\">\n\t\t\t\t\t\t\t\tE-mail\t\t\t\t\t\t\t<\/label>\n\t\t\t\t\t\t\t\t\t\t\t\t\t\t<input size=\"1\" type=\"email\" name=\"form_fields[email]\" id=\"form-field-email\" class=\"elementor-field elementor-size-md  elementor-field-textual\" placeholder=\"E-mail\" required=\"required\" aria-required=\"true\">\n\t\t\t\t\t\t\t\t\t\t\t<\/div>\n\t\t\t\t\t\t\t\t<div class=\"elementor-field-type-tel elementor-field-group elementor-column elementor-field-group-field_d4c28c7 elementor-col-50\">\n\t\t\t\t\t\t\t\t\t\t\t\t<label for=\"form-field-field_d4c28c7\" class=\"elementor-field-label elementor-screen-only\">\n\t\t\t\t\t\t\t\tTelefone\t\t\t\t\t\t\t<\/label>\n\t\t\t\t\t\t\t\t<input size=\"1\" type=\"tel\" name=\"form_fields[field_d4c28c7]\" id=\"form-field-field_d4c28c7\" class=\"elementor-field elementor-size-md  elementor-field-textual\" placeholder=\"Telefone\" pattern=\"[0-9()#&amp;+*-=.]+\" title=\"Apenas n\u00fameros e caracteres de telefone (#, -, *, etc.) s\u00e3o aceitos.\">\n\n\t\t\t\t\t\t<\/div>\n\t\t\t\t\t\t\t\t<div class=\"elementor-field-type-text elementor-field-group elementor-column elementor-field-group-field_2a73769 elementor-col-50\">\n\t\t\t\t\t\t\t\t\t\t\t\t<label for=\"form-field-field_2a73769\" class=\"elementor-field-label elementor-screen-only\">\n\t\t\t\t\t\t\t\tAssunto\t\t\t\t\t\t\t<\/label>\n\t\t\t\t\t\t\t\t\t\t\t\t\t\t<input size=\"1\" type=\"text\" name=\"form_fields[field_2a73769]\" id=\"form-field-field_2a73769\" class=\"elementor-field elementor-size-md  elementor-field-textual\" placeholder=\"Assunto\">\n\t\t\t\t\t\t\t\t\t\t\t<\/div>\n\t\t\t\t\t\t\t\t<div class=\"elementor-field-type-textarea elementor-field-group elementor-column elementor-field-group-message elementor-col-100\">\n\t\t\t\t\t\t\t\t\t\t\t\t<label for=\"form-field-message\" class=\"elementor-field-label elementor-screen-only\">\n\t\t\t\t\t\t\t\tConte-nos mais\t\t\t\t\t\t\t<\/label>\n\t\t\t\t\t\t<textarea class=\"elementor-field-textual elementor-field  elementor-size-md\" name=\"form_fields[message]\" id=\"form-field-message\" rows=\"4\" placeholder=\"Conte-nos mais\"><\/textarea>\t\t\t\t<\/div>\n\t\t\t\t\t\t\t\t<div class=\"elementor-field-group elementor-column elementor-field-type-submit elementor-col-100 e-form__buttons\">\n\t\t\t\t\t<button class=\"elementor-button elementor-size-md\" type=\"submit\">\n\t\t\t\t\t\t<span class=\"elementor-button-content-wrapper\">\n\t\t\t\t\t\t\t\t\t\t\t\t\t\t\t\t\t\t\t\t\t\t<span class=\"elementor-button-text\">Enviar \u27f6<\/span>\n\t\t\t\t\t\t\t\t\t\t\t\t\t<\/span>\n\t\t\t\t\t<\/button>\n\t\t\t\t<\/div>\n\t\t\t<\/div>\n\t\t<input type=\"hidden\" name=\"trp-form-language\" value=\"pt\"\/><\/form>\n\t\t\t\t\t\t<\/div>\n\t\t\t\t<\/div>\n\t\t\t\t<\/div>\n\t\t\t\t<\/div>\n\t\t\t\t<\/div>","protected":false},"excerpt":{"rendered":"<p>O que fazemos de melhor FIRPTA - Venda de im\u00f3veis como estrangeiro O FIRPTA, ou Foreign Investment in Real Property Tax Act, foi promulgado pelo Congresso dos EUA em 1980 para garantir que os investidores estrangeiros paguem impostos sobre os ganhos de capital derivados da aliena\u00e7\u00e3o de interesses imobili\u00e1rios nos EUA. Isso inclui vendas, trocas e [...]<\/p>","protected":false},"author":1,"featured_media":0,"parent":0,"menu_order":0,"comment_status":"closed","ping_status":"closed","template":"elementor_header_footer","meta":{"om_disable_all_campaigns":false,"_monsterinsights_skip_tracking":false,"_monsterinsights_sitenote_active":false,"_monsterinsights_sitenote_note":"","_monsterinsights_sitenote_category":0,"_uf_show_specific_survey":0,"_uf_disable_surveys":false,"footnotes":""},"class_list":["post-743","page","type-page","status-publish","hentry"],"_links":{"self":[{"href":"https:\/\/www.germanamericanlegal.com\/pt\/wp-json\/wp\/v2\/pages\/743","targetHints":{"allow":["GET"]}}],"collection":[{"href":"https:\/\/www.germanamericanlegal.com\/pt\/wp-json\/wp\/v2\/pages"}],"about":[{"href":"https:\/\/www.germanamericanlegal.com\/pt\/wp-json\/wp\/v2\/types\/page"}],"author":[{"embeddable":true,"href":"https:\/\/www.germanamericanlegal.com\/pt\/wp-json\/wp\/v2\/users\/1"}],"replies":[{"embeddable":true,"href":"https:\/\/www.germanamericanlegal.com\/pt\/wp-json\/wp\/v2\/comments?post=743"}],"version-history":[{"count":4,"href":"https:\/\/www.germanamericanlegal.com\/pt\/wp-json\/wp\/v2\/pages\/743\/revisions"}],"predecessor-version":[{"id":749,"href":"https:\/\/www.germanamericanlegal.com\/pt\/wp-json\/wp\/v2\/pages\/743\/revisions\/749"}],"wp:attachment":[{"href":"https:\/\/www.germanamericanlegal.com\/pt\/wp-json\/wp\/v2\/media?parent=743"}],"curies":[{"name":"wp","href":"https:\/\/api.w.org\/{rel}","templated":true}]}}