{"id":1164,"date":"2024-02-22T14:19:56","date_gmt":"2024-02-22T14:19:56","guid":{"rendered":"https:\/\/www.germanamericanlegal.com\/?page_id=1164"},"modified":"2024-02-25T13:17:58","modified_gmt":"2024-02-25T13:17:58","slug":"alexander-thorlton","status":"publish","type":"page","link":"https:\/\/www.germanamericanlegal.com\/tr\/alexander-thorlton\/","title":{"rendered":"Alexander Thorlton"},"content":{"rendered":"<div data-elementor-type=\"wp-page\" data-elementor-id=\"1164\" class=\"elementor elementor-1164\" data-elementor-post-type=\"page\">\n\t\t\t\t<div class=\"elementor-element elementor-element-41036ef2 e-flex e-con-boxed e-con e-parent\" data-id=\"41036ef2\" data-element_type=\"container\">\n\t\t\t\t\t<div class=\"e-con-inner\">\n\t\t<div class=\"elementor-element elementor-element-65302886 e-con-full e-flex e-con e-child\" data-id=\"65302886\" data-element_type=\"container\">\n\t\t\t\t<div class=\"elementor-element elementor-element-6aa6f588 elementor-cta--skin-classic elementor-animated-content elementor-bg-transform elementor-bg-transform-zoom-in elementor-widget elementor-widget-call-to-action\" data-id=\"6aa6f588\" data-element_type=\"widget\" data-widget_type=\"call-to-action.default\">\n\t\t\t\t<div class=\"elementor-widget-container\">\n\t\t\t\t\t\t\t<div class=\"elementor-cta\">\n\t\t\t\t\t<div class=\"elementor-cta__bg-wrapper\">\n\t\t\t\t<div class=\"elementor-cta__bg elementor-bg\" style=\"background-image: url(https:\/\/www.germanamericanlegal.com\/wp-content\/uploads\/2024\/02\/alexander_photograph-2-scaled.jpg);\" role=\"img\" aria-label=\"alexander thorlton\"><\/div>\n\t\t\t\t<div class=\"elementor-cta__bg-overlay\"><\/div>\n\t\t\t<\/div>\n\t\t\t\t\t\t\t\t<\/div>\n\t\t\t\t\t\t<\/div>\n\t\t\t\t<\/div>\n\t\t\t\t<\/div>\n\t\t<div class=\"elementor-element elementor-element-43bef523 e-con-full e-flex e-con e-child\" data-id=\"43bef523\" data-element_type=\"container\">\n\t\t\t\t<div class=\"elementor-element elementor-element-1cb9cee4 elementor-widget__width-initial elementor-absolute elementor-widget elementor-widget-spacer\" data-id=\"1cb9cee4\" data-element_type=\"widget\" data-settings=\"{&quot;_position&quot;:&quot;absolute&quot;}\" data-widget_type=\"spacer.default\">\n\t\t\t\t<div class=\"elementor-widget-container\">\n\t\t\t\t\t\t\t<div class=\"elementor-spacer\">\n\t\t\t<div class=\"elementor-spacer-inner\"><\/div>\n\t\t<\/div>\n\t\t\t\t\t\t<\/div>\n\t\t\t\t<\/div>\n\t\t\t\t<div class=\"elementor-element elementor-element-61151ee4 elementor-invisible elementor-widget elementor-widget-heading\" data-id=\"61151ee4\" data-element_type=\"widget\" data-settings=\"{&quot;_animation&quot;:&quot;fadeInUp&quot;}\" data-widget_type=\"heading.default\">\n\t\t\t\t<div class=\"elementor-widget-container\">\n\t\t\t\t\t<h3 class=\"elementor-heading-title elementor-size-default\">Ekibimizle tan\u0131\u015f\u0131n<\/h3>\t\t\t\t<\/div>\n\t\t\t\t<\/div>\n\t\t\t\t<div class=\"elementor-element elementor-element-4b9e0961 elementor-widget elementor-widget-heading\" data-id=\"4b9e0961\" data-element_type=\"widget\" data-widget_type=\"heading.default\">\n\t\t\t\t<div class=\"elementor-widget-container\">\n\t\t\t\t\t<h1 class=\"elementor-heading-title elementor-size-default\">Alexander Thorlton, Esq.<\/h1>\t\t\t\t<\/div>\n\t\t\t\t<\/div>\n\t\t\t\t<div class=\"elementor-element elementor-element-47e30dc3 elementor-widget elementor-widget-text-editor\" data-id=\"47e30dc3\" data-element_type=\"widget\" data-widget_type=\"text-editor.default\">\n\t\t\t\t<div class=\"elementor-widget-container\">\n\t\t\t\t\t\t\t\t\t<p>Kurucu Avukat<\/p>\t\t\t\t\t\t\t\t<\/div>\n\t\t\t\t<\/div>\n\t\t\t\t<\/div>\n\t\t\t\t\t<\/div>\n\t\t\t\t<\/div>\n\t\t<div class=\"elementor-element elementor-element-381ec3b1 e-flex e-con-boxed e-con e-parent\" data-id=\"381ec3b1\" data-element_type=\"container\">\n\t\t\t\t\t<div class=\"e-con-inner\">\n\t\t\t\t<div class=\"elementor-element elementor-element-426babd2 elementor-widget elementor-widget-text-editor\" data-id=\"426babd2\" data-element_type=\"widget\" data-widget_type=\"text-editor.default\">\n\t\t\t\t<div class=\"elementor-widget-container\">\n\t\t\t\t\t\t\t\t\t<div class=\"row\"><div class=\"col-sm-12\"><h2 id=\"biography\" class=\"people-single-titles\">Biyografi<\/h2><p>Alexander Thorlton Almanya'da do\u011fdu ve b\u00fcy\u00fcd\u00fc. Avrupal\u0131 yat\u0131r\u0131mc\u0131lara, \u015firketlere ve onlar\u0131n Florida'daki i\u015ftiraklerine dan\u0131\u015fmanl\u0131k yapmaktad\u0131r. \u00c7al\u0131\u015fmalar\u0131, Avrupal\u0131 m\u00fcvekkillerine pazara giri\u015f, s\u00f6zle\u015fme m\u00fczakereleri ve tasla\u011f\u0131 haz\u0131rlama, dava a\u00e7ma ve uyu\u015fmazl\u0131k \u00e7\u00f6z\u00fcm\u00fc konular\u0131nda yard\u0131mc\u0131 olmaya odaklanm\u0131\u015ft\u0131r. Alexander, Avrupal\u0131 m\u00fcvekkillerinin Amerika Birle\u015fik Devletleri'ndeki i\u015flerini b\u00fcy\u00fctmelerine ve avukatlar\u0131 ve g\u00fcvenilir dan\u0131\u015fmanlar\u0131 olarak uzun vadeli bir ili\u015fki kurmalar\u0131na yard\u0131mc\u0131 olmaktad\u0131r.<\/p><h2>G\u00fcvenilir Bir Dan\u0131\u015fman<\/h2><p>Alexander, Avrupal\u0131lar\u0131n ABD'de i\u015f kurarken kar\u015f\u0131la\u015ft\u0131klar\u0131 yasal ve k\u00fclt\u00fcrel zorluklar\u0131n \u00fcstesinden gelebilmektedir. \u0130ster sorumluluktan yeterli d\u00fczeyde korunma isterse ke\u015fif y\u00fck\u00fcml\u00fcl\u00fcklerindeki farkl\u0131l\u0131klar\u0131 anlama olsun, m\u00fcvekkillerine ABD'nin yasal ortam\u0131 ve Avrupa'n\u0131n medeni hukuk sistemlerinden t\u00fcm farkl\u0131l\u0131klar\u0131 konusunda rehberlik etmektedir. Alexander, Almanya, Avusturya, \u0130svi\u00e7re, \u0130sve\u00e7, Hollanda, T\u00fcrkiye, Fransa, Polonya, \u0130talya, Portekiz, \u0130spanya, Birle\u015fik Krall\u0131k, Japonya, Brezilya, G\u00fcney Afrika ve Peru'dan m\u00fcvekkillere destek vermi\u015ftir.<\/p><h2>\u00dcyelik<\/h2><p>Alexander, mesle\u011finin d\u0131\u015f\u0131nda Amerikan Almanya Konseyi (ACG), G\u00fcney ABD Alman-Amerikan Ticaret Odas\u0131 (GACC South) ve Alman-Amerikan Avukatlar Derne\u011fi'nin (DAJV) aktif bir \u00fcyesidir.<\/p><\/div><\/div><div class=\"row\"><div class=\"col-sm-6\"><h2 class=\"people-single-titles\">E\u011fitim<\/h2><p>B.S., <i>\u0130\u015fletme Y\u00f6netimi<br \/><\/i>Nova Southeastern \u00dcniversitesi<\/p><p>J.D., <em>cum laude<\/em><br \/>Florida Uluslararas\u0131 \u00dcniversitesi<\/p><ul><li><i>Uluslararas\u0131 Ticari Tahkim C. Vis Moot Tak\u0131m\u0131<\/i><\/li><li>Dekan'\u0131n Listesi<\/li><\/ul><\/div><div class=\"col-sm-6\"><h2 class=\"people-single-titles\">Baro Kabulleri<\/h2><p>Florida, Columbia B\u00f6lgesi<\/p><\/div><\/div><div class=\"row\"><div class=\"col col-xs-12\"><h2 class=\"people-single-titles\">Ek Diller<\/h2><p>Almanca, Japonca<\/p><\/div><\/div><p><em>Sorumluluk Reddi<\/em><\/p><p><em>Bu yaz\u0131daki materyaller genel bilgileri temsil etmektedir ve hukuki tavsiye olarak de\u011ferlendirilmemelidir. Web sitesinin herhangi bir \u015fekilde kullan\u0131lmas\u0131, German American Real Estate &amp; Immigration Law Center, LLC (hukuk b\u00fcrosu) veya hukuk b\u00fcrosunun herhangi bir \u00e7al\u0131\u015fan\u0131 veya hukuk b\u00fcrosuyla ili\u015fkili ba\u015fka bir ki\u015fi ile bu web sitesinin bir kullan\u0131c\u0131s\u0131 aras\u0131nda bir avukat-m\u00fcvekkil ili\u015fkisi olu\u015fturmaz veya te\u015fkil etmez. Bu web sitesi a\u015fa\u011f\u0131dakiler i\u00e7in bir e\u011fitim kayna\u011f\u0131 olarak tasarlanm\u0131\u015ft\u0131r<br \/>yasalari anlamak. Yasalar s\u00fcrekli de\u011fi\u015fti\u011finden, bu web sitesinin baz\u0131 b\u00f6l\u00fcmleri bir sonraki g\u00fcncellemeden \u00f6nce g\u00fcncelli\u011fini yitirebilir. \u00d6zel durumunuzla ilgili yasal haklar\u0131n\u0131z ve sorumluluklar\u0131n\u0131z hakk\u0131nda bir avukata dan\u0131\u015fmak her zaman en iyisidir.<\/em><\/p>\t\t\t\t\t\t\t\t<\/div>\n\t\t\t\t<\/div>\n\t\t\t\t\t<\/div>\n\t\t\t\t<\/div>\n\t\t<div class=\"elementor-element elementor-element-41f98dd8 e-con-full e-flex e-con e-parent\" data-id=\"41f98dd8\" data-element_type=\"container\">\n\t\t<div class=\"elementor-element elementor-element-599a4c59 e-con-full e-flex e-con e-child\" data-id=\"599a4c59\" data-element_type=\"container\" data-settings=\"{&quot;background_background&quot;:&quot;classic&quot;}\">\n\t\t\t\t<\/div>\n\t\t<div class=\"elementor-element elementor-element-76dc4623 e-con-full e-flex e-con e-child\" data-id=\"76dc4623\" data-element_type=\"container\" data-settings=\"{&quot;background_background&quot;:&quot;classic&quot;}\">\n\t\t\t\t<div class=\"elementor-element elementor-element-74b800cc elementor-widget elementor-widget-heading\" data-id=\"74b800cc\" data-element_type=\"widget\" data-widget_type=\"heading.default\">\n\t\t\t\t<div class=\"elementor-widget-container\">\n\t\t\t\t\t<h2 class=\"elementor-heading-title elementor-size-default\">Bize her \u015feyi sorun,\nNe zaman istersen.<\/h2>\t\t\t\t<\/div>\n\t\t\t\t<\/div>\n\t\t\t\t<div class=\"elementor-element elementor-element-33fa57d0 elementor-widget elementor-widget-heading\" data-id=\"33fa57d0\" data-element_type=\"widget\" data-widget_type=\"heading.default\">\n\t\t\t\t<div class=\"elementor-widget-container\">\n\t\t\t\t\t<p class=\"elementor-heading-title elementor-size-default\">A\u015fa\u011f\u0131daki formu doldurarak bizimle hemen ileti\u015fime ge\u00e7in veya bizi aray\u0131n\n954-951-1003<\/p>\t\t\t\t<\/div>\n\t\t\t\t<\/div>\n\t\t\t\t<div class=\"elementor-element elementor-element-4284760f elementor-button-align-end elementor-widget elementor-widget-form\" data-id=\"4284760f\" data-element_type=\"widget\" data-settings=\"{&quot;step_next_label&quot;:&quot;Next&quot;,&quot;step_previous_label&quot;:&quot;Previous&quot;,&quot;button_width&quot;:&quot;100&quot;,&quot;step_type&quot;:&quot;number_text&quot;,&quot;step_icon_shape&quot;:&quot;circle&quot;}\" data-widget_type=\"form.default\">\n\t\t\t\t<div class=\"elementor-widget-container\">\n\t\t\t\t\t\t\t<form class=\"elementor-form\" method=\"post\" name=\"Contact Form\">\n\t\t\t<input type=\"hidden\" name=\"post_id\" value=\"1164\"\/>\n\t\t\t<input type=\"hidden\" name=\"form_id\" value=\"4284760f\"\/>\n\t\t\t<input type=\"hidden\" name=\"referer_title\" value=\"\" \/>\n\n\t\t\t\n\t\t\t<div class=\"elementor-form-fields-wrapper elementor-labels-\">\n\t\t\t\t\t\t\t\t<div class=\"elementor-field-type-text elementor-field-group elementor-column elementor-field-group-name elementor-col-50\">\n\t\t\t\t\t\t\t\t\t\t\t\t<label for=\"form-field-name\" class=\"elementor-field-label elementor-screen-only\">\n\t\t\t\t\t\t\t\tAd Soyad\t\t\t\t\t\t\t<\/label>\n\t\t\t\t\t\t\t\t\t\t\t\t\t\t<input size=\"1\" type=\"text\" name=\"form_fields[name]\" id=\"form-field-name\" class=\"elementor-field elementor-size-md  elementor-field-textual\" placeholder=\"Ad Soyad\">\n\t\t\t\t\t\t\t\t\t\t\t<\/div>\n\t\t\t\t\t\t\t\t<div class=\"elementor-field-type-email elementor-field-group elementor-column elementor-field-group-email elementor-col-50 elementor-field-required\">\n\t\t\t\t\t\t\t\t\t\t\t\t<label for=\"form-field-email\" class=\"elementor-field-label elementor-screen-only\">\n\t\t\t\t\t\t\t\tE-posta\t\t\t\t\t\t\t<\/label>\n\t\t\t\t\t\t\t\t\t\t\t\t\t\t<input size=\"1\" type=\"email\" name=\"form_fields[email]\" id=\"form-field-email\" class=\"elementor-field elementor-size-md  elementor-field-textual\" placeholder=\"E-posta\" required=\"required\" aria-required=\"true\">\n\t\t\t\t\t\t\t\t\t\t\t<\/div>\n\t\t\t\t\t\t\t\t<div class=\"elementor-field-type-tel elementor-field-group elementor-column elementor-field-group-field_d4c28c7 elementor-col-50\">\n\t\t\t\t\t\t\t\t\t\t\t\t<label for=\"form-field-field_d4c28c7\" class=\"elementor-field-label elementor-screen-only\">\n\t\t\t\t\t\t\t\tTelefon\t\t\t\t\t\t\t<\/label>\n\t\t\t\t\t\t\t\t<input size=\"1\" type=\"tel\" name=\"form_fields[field_d4c28c7]\" id=\"form-field-field_d4c28c7\" class=\"elementor-field elementor-size-md  elementor-field-textual\" placeholder=\"Telefon\" pattern=\"[0-9()#&amp;+*-=.]+\" title=\"Yaln\u0131zca say\u0131lar ve telefon karakterleri (#, -, *, vb.) kabul edilir.\">\n\n\t\t\t\t\t\t<\/div>\n\t\t\t\t\t\t\t\t<div class=\"elementor-field-type-text elementor-field-group elementor-column elementor-field-group-field_2a73769 elementor-col-50\">\n\t\t\t\t\t\t\t\t\t\t\t\t<label for=\"form-field-field_2a73769\" class=\"elementor-field-label elementor-screen-only\">\n\t\t\t\t\t\t\t\tKonu\t\t\t\t\t\t\t<\/label>\n\t\t\t\t\t\t\t\t\t\t\t\t\t\t<input size=\"1\" type=\"text\" name=\"form_fields[field_2a73769]\" id=\"form-field-field_2a73769\" class=\"elementor-field elementor-size-md  elementor-field-textual\" placeholder=\"Konu\">\n\t\t\t\t\t\t\t\t\t\t\t<\/div>\n\t\t\t\t\t\t\t\t<div class=\"elementor-field-type-textarea elementor-field-group elementor-column elementor-field-group-message elementor-col-100\">\n\t\t\t\t\t\t\t\t\t\t\t\t<label for=\"form-field-message\" class=\"elementor-field-label elementor-screen-only\">\n\t\t\t\t\t\t\t\tBize Daha Fazlas\u0131n\u0131 Anlat\u0131n\t\t\t\t\t\t\t<\/label>\n\t\t\t\t\t\t<textarea class=\"elementor-field-textual elementor-field  elementor-size-md\" name=\"form_fields[message]\" id=\"form-field-message\" rows=\"4\" placeholder=\"Bize Daha Fazlas\u0131n\u0131 Anlat\u0131n\"><\/textarea>\t\t\t\t<\/div>\n\t\t\t\t\t\t\t\t<div class=\"elementor-field-group elementor-column elementor-field-type-submit elementor-col-100 e-form__buttons\">\n\t\t\t\t\t<button class=\"elementor-button elementor-size-md\" type=\"submit\">\n\t\t\t\t\t\t<span class=\"elementor-button-content-wrapper\">\n\t\t\t\t\t\t\t\t\t\t\t\t\t\t\t\t\t\t\t\t\t\t<span class=\"elementor-button-text\">G\u00f6nder \u27f6<\/span>\n\t\t\t\t\t\t\t\t\t\t\t\t\t<\/span>\n\t\t\t\t\t<\/button>\n\t\t\t\t<\/div>\n\t\t\t<\/div>\n\t\t<input type=\"hidden\" name=\"trp-form-language\" value=\"tr\"\/><\/form>\n\t\t\t\t\t\t<\/div>\n\t\t\t\t<\/div>\n\t\t\t\t<\/div>\n\t\t\t\t<\/div>\n\t\t\t\t<\/div>","protected":false},"excerpt":{"rendered":"<p>Ekibimizle tan\u0131\u015f\u0131n Alexander Thorlton, Esq. Kurucu Avukat Biyografi Alexander Thorlton Almanya'da do\u011fdu ve b\u00fcy\u00fcd\u00fc. Avrupal\u0131 yat\u0131r\u0131mc\u0131lara, \u015firketlere ve onlar\u0131n Florida'daki i\u015ftiraklerine dan\u0131\u015fmanl\u0131k yapmaktad\u0131r. \u00c7al\u0131\u015fmalar\u0131, Avrupal\u0131 m\u00fcvekkillerine pazara giri\u015f, s\u00f6zle\u015fme m\u00fczakereleri ve tasla\u011f\u0131 haz\u0131rlama, dava a\u00e7ma ve uyu\u015fmazl\u0131k \u00e7\u00f6z\u00fcm\u00fc konular\u0131nda yard\u0131mc\u0131 olmaya odaklanm\u0131\u015ft\u0131r. Alexander, Avrupal\u0131 m\u00fcvekkillerinin i\u015flerini b\u00fcy\u00fctmelerine yard\u0131mc\u0131 [...]<\/p>","protected":false},"author":1,"featured_media":0,"parent":0,"menu_order":0,"comment_status":"closed","ping_status":"closed","template":"elementor_header_footer","meta":{"om_disable_all_campaigns":false,"_monsterinsights_skip_tracking":false,"_monsterinsights_sitenote_active":false,"_monsterinsights_sitenote_note":"","_monsterinsights_sitenote_category":0,"_uf_show_specific_survey":0,"_uf_disable_surveys":false,"footnotes":""},"class_list":["post-1164","page","type-page","status-publish","hentry"],"_links":{"self":[{"href":"https:\/\/www.germanamericanlegal.com\/tr\/wp-json\/wp\/v2\/pages\/1164","targetHints":{"allow":["GET"]}}],"collection":[{"href":"https:\/\/www.germanamericanlegal.com\/tr\/wp-json\/wp\/v2\/pages"}],"about":[{"href":"https:\/\/www.germanamericanlegal.com\/tr\/wp-json\/wp\/v2\/types\/page"}],"author":[{"embeddable":true,"href":"https:\/\/www.germanamericanlegal.com\/tr\/wp-json\/wp\/v2\/users\/1"}],"replies":[{"embeddable":true,"href":"https:\/\/www.germanamericanlegal.com\/tr\/wp-json\/wp\/v2\/comments?post=1164"}],"version-history":[{"count":19,"href":"https:\/\/www.germanamericanlegal.com\/tr\/wp-json\/wp\/v2\/pages\/1164\/revisions"}],"predecessor-version":[{"id":1186,"href":"https:\/\/www.germanamericanlegal.com\/tr\/wp-json\/wp\/v2\/pages\/1164\/revisions\/1186"}],"wp:attachment":[{"href":"https:\/\/www.germanamericanlegal.com\/tr\/wp-json\/wp\/v2\/media?parent=1164"}],"curies":[{"name":"wp","href":"https:\/\/api.w.org\/{rel}","templated":true}]}}